{"id":42822,"date":"2025-10-16T14:59:37","date_gmt":"2025-10-16T11:59:37","guid":{"rendered":"https:\/\/jumbo.fi\/?page_id=42822"},"modified":"2025-10-16T14:59:37","modified_gmt":"2025-10-16T11:59:37","slug":"megarekry-vantaa","status":"publish","type":"page","link":"https:\/\/jumbo.fi\/en\/megarekry-vantaa\/","title":{"rendered":"Megarekry Vantaa"},"content":{"rendered":"\n<section id=\"acf-block-69fb657c3ec15\" class=\"block block-hero has-background has-darkgreen-background-color bg-darkgreen container-fluid  hero-low no-image   \" style=\"\">\n    <div class=\"container\">\n        <div class=\"row \">\n            \n            \n            <div class=\"col-12 cols \">\n                                                    <div class=\"entry-content entry-content-low\">\n\n<p><\/p>\n\n\n\n<h2 class=\"wp-block-heading\"><mark style=\"background-color:rgba(0, 0, 0, 0)\" class=\"has-inline-color has-white-color\">Vantaa<\/mark> <mark style=\"background-color:rgba(0, 0, 0, 0)\" class=\"has-inline-color has-white-color\">Megarekry October 23rd 2025<\/mark><\/h2>\n\n<\/div>\n                \n                                    <div class=\"image-wrapper\">\n                                            <\/div>\n                            <\/div>\n\n                    <\/div>\n    <\/div>\n<\/section>\n\n\n<section id=\"acf-block-69fb657c41425\" class=\"block block-content-wrapper has-background has-gray-background-color bg-gray container-fluid bg-white\">\n    <div class=\"container\">\n        <div class=\"row justify-content-center\">\n            <div class=\"col-12 col-md-10\">\n                <div class=\"entry-content\">\n\n<div class=\"wp-block-columns has-black-color has-gray-background-color has-text-color has-background is-layout-flex wp-container-core-columns-is-layout-9d6595d7 wp-block-columns-is-layout-flex\">\n<div class=\"wp-block-column has-white-background-color has-background is-layout-flow wp-block-column-is-layout-flow\">\n<figure class=\"wp-block-image size-full is-resized\"><img loading=\"lazy\" decoding=\"async\" width=\"980\" height=\"400\" src=\"https:\/\/jumbo.fi\/wp-content\/uploads\/2025\/10\/megarekry_bannerit_980x400.png\" alt=\"\" class=\"wp-image-42804\" style=\"width:1166px;height:auto\" srcset=\"https:\/\/jumbo.fi\/wp-content\/uploads\/2025\/10\/megarekry_bannerit_980x400.png 980w, https:\/\/jumbo.fi\/wp-content\/uploads\/2025\/10\/megarekry_bannerit_980x400-300x122.png 300w, https:\/\/jumbo.fi\/wp-content\/uploads\/2025\/10\/megarekry_bannerit_980x400-768x313.png 768w\" sizes=\"auto, (max-width: 575px) 100vw, (max-width: 767px) 510px, (max-width: 991px) 290px, (max-width: 1199px) 530px, 840px\" \/><\/figure>\n\n\n\n<h3 class=\"wp-block-heading has-darkgreen-color has-text-color\">Welcome to Megarekry!<\/h3>\n\n\n\n<p>Megarekry is the largest recruitment event in Vantaa, bringing together employers, educational institutions, and job seekers. The event features dozens of employers from various fields. Every year, Megarekry attracts thousands of visitors.<\/p>\n\n\n\n<p>The largest recruitment event in Vantaa will take place at\u00a0<strong>Jumbo shopping centre on Thursday,<\/strong>\u00a0<strong>October 23rd, 2025 from 10:00 to 15:00<\/strong>.<\/p>\n\n\n\n<p>The 2025 edition will spotlight international talent and the diversity of modern work communities.<strong>The event will be held on the first and second floors of Jumbo\u2019s leisure quarter.<\/strong><\/p>\n\n\n\n<p><strong>Welcome!<\/strong><\/p>\n\n\n\n<h5 class=\"wp-block-heading\"><mark style=\"background-color:rgba(0, 0, 0, 0)\" class=\"has-inline-color has-black-color\">Exhibitors:<\/mark><\/h5>\n\n\n\n<p><strong>Staffing and recruitment companies:<\/strong><\/p>\n\n\n\n<p>KeyStaff Oy, WireStaff, Duunia.works, Barona Palvelut Oy, Suomen Rakennuslogistiikka Oy, SOL Henkil\u00f6st\u00f6palvelut, Lokki Henkil\u00f6st\u00f6palvelut Oy, Jobnord OU, V\u00e4rv\u00e4\u00e4m\u00f6 Group Oy, Citywork Avustajapalvelut Oy, Adecco Finland Oy, Primus Work Oy, Brightway Oy \/ Aalto Henkil\u00f6st\u00f6palvelu Oy, Kaveriontti Oy, Vawid-Yhti\u00f6t Oy (Rafla Rekry), iSetu Oy, Vantti<\/p>\n\n\n\n<p><strong>Logistics, warehousing and transportation sector:<\/strong><\/p>\n\n\n\n<p>L\u00e4hitaksi Oy, PolarPro Henkil\u00f6st\u00f6ratkaisut Oy, Helsingin Taksipalvelu Oy \/ Menev\u00e4 Oy, Posti Group Suomi Oy, Koiviston Auto, Vantaan Taksi Oy, Nordic Regional Airlines Oy, YES-EU Oy<\/p>\n\n\n\n<p><strong>Other industries:<\/strong><\/p>\n\n\n\n<p>GA Telesis Engine Services Oy, Sveps ungdomsverkstad, P\u00e4\u00e4kaupunkiseudun Kierr\u00e4tyskeskus Oy, Tiimimedia osuuskunta, Securitas Oy, Vantaan vankila, Reila Palvelut Oy, Avarn Security, Sodexo Oy, Alko Oy, Teko\u00e4lykeskus, Advaun oy, Tarmo hoiva, Helsingin ja Uudenmaan N\u00e4k\u00f6vammaiset ry. \/ Iiris Pro, Perhehoitokumppanit Suomessa oy, Crown, HKFoods Finland Oy, Barona Teollisuus Oy, Kotova Oy, ISS Palvelut, Lempi Kodinhoito Oy<\/p>\n\n\n\n<p><strong>Associations and advocacy organisations:<\/strong><\/p>\n\n\n\n<p>Ty\u00f6tt\u00f6mien ay-j\u00e4senten tukiyhdistys ry, Autokton ry, Suomen Pakolaisapu\/Sauma-ty\u00f6el\u00e4m\u00e4valmennus<br>Tie ty\u00f6h\u00f6n &#8211; Way to Work -hanke, Helsingin Diakonissalaitoksen s\u00e4\u00e4ti\u00f6, Naturpolis, Startup Refugees (Phoenix Ry), Auroras-verkosto, Mieli Ry<\/p>\n\n\n\n<p><strong>Public sector services:<\/strong><\/p>\n\n\n\n<p>Espoon kaupunki, Kototutumispalvelu, Vantaan ja Keravan hyvinvointialue ty\u00f6valmennus Virtaamo, Vantaan kaupunki\/ Rekrytointipalvelut, Ohjaamo Vantaa ja Nuorisopalvelut, Workindenmark \/ EURES Denmark, Vantaan kaupungin ty\u00f6llisyyspalvelut INFO, Business Vantaa<\/p>\n\n\n\n<p><strong>Educational institutions and training sector:<\/strong><\/p>\n\n\n\n<p>Vantaan kaupunki, Tikkurilan osaamiskampus, Vantaan ammattiopisto Varia, Laurea-ammattikorkeakoulu Oy, Haaga-Helia ammattikorkeakoulu, Suomen Diakoniaopisto, TTS Ty\u00f6tehoseura, Kiipulas\u00e4\u00e4ti\u00f6, Taitotalo, Hyria koulutus Oy, Suomen ymp\u00e4rist\u00f6opisto Sykli, Careeria Oy, Metropolia Ammattikorkeakoulu<\/p>\n\n\n\n<p><strong>Read more <a href=\"https:\/\/www.vantaa.fi\/en\/job-seeking-and-employment\/megarekry-vantaa\" target=\"_blank\" rel=\"noreferrer noopener\">here<\/a><\/strong>.<\/p>\n\n\n\n<p><strong>Download the event map <a href=\"https:\/\/jumbo.fi\/wp-content\/uploads\/2025\/10\/Megarekry-2025-pohjakartta.pdf\" target=\"_blank\" rel=\"noreferrer noopener\">here.<\/a><\/strong><\/p>\n<\/div>\n<\/div>\n\n<\/div>\n            <\/div>\n        <\/div>\n    <\/div>\n<\/section>","protected":false},"excerpt":{"rendered":"","protected":false},"author":338,"featured_media":0,"parent":0,"menu_order":0,"comment_status":"closed","ping_status":"closed","template":"","meta":{"_acf_changed":false,"_relevanssi_hide_post":"","_relevanssi_hide_content":"","_relevanssi_pin_for_all":"","_relevanssi_pin_keywords":"","_relevanssi_unpin_keywords":"","_relevanssi_related_keywords":"","_relevanssi_related_include_ids":"","_relevanssi_related_exclude_ids":"","_relevanssi_related_no_append":"","_relevanssi_related_not_related":"","_relevanssi_related_posts":"33840,11281,29882,6647,32416,17856","_relevanssi_noindex_reason":"","_improvement_type_select":"improve_an_existing","_thumb_yes_seoaic":false,"_frame_yes_seoaic":false,"seoaic_generate_description":"","seoaic_improve_instructions_prompt":"","seoaic_rollback_content_improvement":"","seoaic_idea_thumbnail_generator":"","thumbnail_generated":false,"thumbnail_generate_prompt":"","seoaic_article_description":"","footnotes":""},"class_list":["post-42822","page","type-page","status-publish","hentry"],"acf":[],"yoast_head":"<!-- This site is optimized with the Yoast SEO plugin v27.4 - https:\/\/yoast.com\/product\/yoast-seo-wordpress\/ -->\n<title>Megarekry Vantaa - Jumbo.fi<\/title>\n<meta name=\"robots\" content=\"index, follow, max-snippet:-1, max-image-preview:large, max-video-preview:-1\" \/>\n<link rel=\"canonical\" href=\"https:\/\/jumbo.fi\/en\/megarekry-vantaa\/\" \/>\n<meta property=\"og:locale\" content=\"en_US\" \/>\n<meta property=\"og:type\" content=\"article\" \/>\n<meta property=\"og:title\" content=\"Megarekry Vantaa - Jumbo.fi\" \/>\n<meta property=\"og:url\" content=\"https:\/\/jumbo.fi\/en\/megarekry-vantaa\/\" \/>\n<meta property=\"og:site_name\" content=\"Jumbo.fi\" \/>\n<meta property=\"og:image\" content=\"https:\/\/jumbo.fi\/wp-content\/uploads\/2025\/10\/megarekry_bannerit_980x400.png\" \/>\n\t<meta property=\"og:image:width\" content=\"980\" \/>\n\t<meta property=\"og:image:height\" content=\"400\" \/>\n\t<meta property=\"og:image:type\" content=\"image\/png\" \/>\n<meta name=\"twitter:card\" content=\"summary_large_image\" \/>\n<meta name=\"twitter:label1\" content=\"Est. reading time\" \/>\n\t<meta name=\"twitter:data1\" content=\"3 minutes\" \/>\n<script type=\"application\/ld+json\" class=\"yoast-schema-graph\">{\"@context\":\"https:\\\/\\\/schema.org\",\"@graph\":[{\"@type\":\"WebPage\",\"@id\":\"https:\\\/\\\/jumbo.fi\\\/en\\\/megarekry-vantaa\\\/\",\"url\":\"https:\\\/\\\/jumbo.fi\\\/en\\\/megarekry-vantaa\\\/\",\"name\":\"Megarekry Vantaa - Jumbo.fi\",\"isPartOf\":{\"@id\":\"https:\\\/\\\/jumbo.fi\\\/en\\\/#website\"},\"primaryImageOfPage\":{\"@id\":\"https:\\\/\\\/jumbo.fi\\\/en\\\/megarekry-vantaa\\\/#primaryimage\"},\"image\":{\"@id\":\"https:\\\/\\\/jumbo.fi\\\/en\\\/megarekry-vantaa\\\/#primaryimage\"},\"thumbnailUrl\":\"https:\\\/\\\/jumbo.fi\\\/wp-content\\\/uploads\\\/2025\\\/10\\\/megarekry_bannerit_980x400.png\",\"datePublished\":\"2025-10-16T11:59:37+00:00\",\"breadcrumb\":{\"@id\":\"https:\\\/\\\/jumbo.fi\\\/en\\\/megarekry-vantaa\\\/#breadcrumb\"},\"inLanguage\":\"en-US\",\"potentialAction\":[{\"@type\":\"ReadAction\",\"target\":[\"https:\\\/\\\/jumbo.fi\\\/en\\\/megarekry-vantaa\\\/\"]}]},{\"@type\":\"ImageObject\",\"inLanguage\":\"en-US\",\"@id\":\"https:\\\/\\\/jumbo.fi\\\/en\\\/megarekry-vantaa\\\/#primaryimage\",\"url\":\"https:\\\/\\\/jumbo.fi\\\/wp-content\\\/uploads\\\/2025\\\/10\\\/megarekry_bannerit_980x400.png\",\"contentUrl\":\"https:\\\/\\\/jumbo.fi\\\/wp-content\\\/uploads\\\/2025\\\/10\\\/megarekry_bannerit_980x400.png\"},{\"@type\":\"BreadcrumbList\",\"@id\":\"https:\\\/\\\/jumbo.fi\\\/en\\\/megarekry-vantaa\\\/#breadcrumb\",\"itemListElement\":[{\"@type\":\"ListItem\",\"position\":1,\"name\":\"Home\",\"item\":\"https:\\\/\\\/jumbo.fi\\\/en\\\/\"},{\"@type\":\"ListItem\",\"position\":2,\"name\":\"Megarekry Vantaa\"}]},{\"@type\":\"WebSite\",\"@id\":\"https:\\\/\\\/jumbo.fi\\\/en\\\/#website\",\"url\":\"https:\\\/\\\/jumbo.fi\\\/en\\\/\",\"name\":\"Jumbo.fi\",\"description\":\"\",\"publisher\":{\"@id\":\"https:\\\/\\\/jumbo.fi\\\/en\\\/#organization\"},\"potentialAction\":[{\"@type\":\"SearchAction\",\"target\":{\"@type\":\"EntryPoint\",\"urlTemplate\":\"https:\\\/\\\/jumbo.fi\\\/en\\\/?s={search_term_string}\"},\"query-input\":{\"@type\":\"PropertyValueSpecification\",\"valueRequired\":true,\"valueName\":\"search_term_string\"}}],\"inLanguage\":\"en-US\"},{\"@type\":\"Organization\",\"@id\":\"https:\\\/\\\/jumbo.fi\\\/en\\\/#organization\",\"name\":\"Jumbo.fi\",\"url\":\"https:\\\/\\\/jumbo.fi\\\/en\\\/\",\"logo\":{\"@type\":\"ImageObject\",\"inLanguage\":\"en-US\",\"@id\":\"https:\\\/\\\/jumbo.fi\\\/en\\\/#\\\/schema\\\/logo\\\/image\\\/\",\"url\":\"https:\\\/\\\/jumbo.fi\\\/wp-content\\\/uploads\\\/2024\\\/11\\\/cropped-JUMBO_Logo_CMYK-2.png\",\"contentUrl\":\"https:\\\/\\\/jumbo.fi\\\/wp-content\\\/uploads\\\/2024\\\/11\\\/cropped-JUMBO_Logo_CMYK-2.png\",\"width\":4112,\"height\":1248,\"caption\":\"Jumbo.fi\"},\"image\":{\"@id\":\"https:\\\/\\\/jumbo.fi\\\/en\\\/#\\\/schema\\\/logo\\\/image\\\/\"}}]}<\/script>\n<!-- \/ Yoast SEO plugin. -->","yoast_head_json":{"title":"Megarekry Vantaa - Jumbo.fi","robots":{"index":"index","follow":"follow","max-snippet":"max-snippet:-1","max-image-preview":"max-image-preview:large","max-video-preview":"max-video-preview:-1"},"canonical":"https:\/\/jumbo.fi\/en\/megarekry-vantaa\/","og_locale":"en_US","og_type":"article","og_title":"Megarekry Vantaa - Jumbo.fi","og_url":"https:\/\/jumbo.fi\/en\/megarekry-vantaa\/","og_site_name":"Jumbo.fi","og_image":[{"width":980,"height":400,"url":"https:\/\/jumbo.fi\/wp-content\/uploads\/2025\/10\/megarekry_bannerit_980x400.png","type":"image\/png"}],"twitter_card":"summary_large_image","twitter_misc":{"Est. reading time":"3 minutes"},"schema":{"@context":"https:\/\/schema.org","@graph":[{"@type":"WebPage","@id":"https:\/\/jumbo.fi\/en\/megarekry-vantaa\/","url":"https:\/\/jumbo.fi\/en\/megarekry-vantaa\/","name":"Megarekry Vantaa - Jumbo.fi","isPartOf":{"@id":"https:\/\/jumbo.fi\/en\/#website"},"primaryImageOfPage":{"@id":"https:\/\/jumbo.fi\/en\/megarekry-vantaa\/#primaryimage"},"image":{"@id":"https:\/\/jumbo.fi\/en\/megarekry-vantaa\/#primaryimage"},"thumbnailUrl":"https:\/\/jumbo.fi\/wp-content\/uploads\/2025\/10\/megarekry_bannerit_980x400.png","datePublished":"2025-10-16T11:59:37+00:00","breadcrumb":{"@id":"https:\/\/jumbo.fi\/en\/megarekry-vantaa\/#breadcrumb"},"inLanguage":"en-US","potentialAction":[{"@type":"ReadAction","target":["https:\/\/jumbo.fi\/en\/megarekry-vantaa\/"]}]},{"@type":"ImageObject","inLanguage":"en-US","@id":"https:\/\/jumbo.fi\/en\/megarekry-vantaa\/#primaryimage","url":"https:\/\/jumbo.fi\/wp-content\/uploads\/2025\/10\/megarekry_bannerit_980x400.png","contentUrl":"https:\/\/jumbo.fi\/wp-content\/uploads\/2025\/10\/megarekry_bannerit_980x400.png"},{"@type":"BreadcrumbList","@id":"https:\/\/jumbo.fi\/en\/megarekry-vantaa\/#breadcrumb","itemListElement":[{"@type":"ListItem","position":1,"name":"Home","item":"https:\/\/jumbo.fi\/en\/"},{"@type":"ListItem","position":2,"name":"Megarekry Vantaa"}]},{"@type":"WebSite","@id":"https:\/\/jumbo.fi\/en\/#website","url":"https:\/\/jumbo.fi\/en\/","name":"Jumbo.fi","description":"","publisher":{"@id":"https:\/\/jumbo.fi\/en\/#organization"},"potentialAction":[{"@type":"SearchAction","target":{"@type":"EntryPoint","urlTemplate":"https:\/\/jumbo.fi\/en\/?s={search_term_string}"},"query-input":{"@type":"PropertyValueSpecification","valueRequired":true,"valueName":"search_term_string"}}],"inLanguage":"en-US"},{"@type":"Organization","@id":"https:\/\/jumbo.fi\/en\/#organization","name":"Jumbo.fi","url":"https:\/\/jumbo.fi\/en\/","logo":{"@type":"ImageObject","inLanguage":"en-US","@id":"https:\/\/jumbo.fi\/en\/#\/schema\/logo\/image\/","url":"https:\/\/jumbo.fi\/wp-content\/uploads\/2024\/11\/cropped-JUMBO_Logo_CMYK-2.png","contentUrl":"https:\/\/jumbo.fi\/wp-content\/uploads\/2024\/11\/cropped-JUMBO_Logo_CMYK-2.png","width":4112,"height":1248,"caption":"Jumbo.fi"},"image":{"@id":"https:\/\/jumbo.fi\/en\/#\/schema\/logo\/image\/"}}]}},"_links":{"self":[{"href":"https:\/\/jumbo.fi\/en\/wp-json\/wp\/v2\/pages\/42822","targetHints":{"allow":["GET"]}}],"collection":[{"href":"https:\/\/jumbo.fi\/en\/wp-json\/wp\/v2\/pages"}],"about":[{"href":"https:\/\/jumbo.fi\/en\/wp-json\/wp\/v2\/types\/page"}],"author":[{"embeddable":true,"href":"https:\/\/jumbo.fi\/en\/wp-json\/wp\/v2\/users\/338"}],"replies":[{"embeddable":true,"href":"https:\/\/jumbo.fi\/en\/wp-json\/wp\/v2\/comments?post=42822"}],"version-history":[{"count":3,"href":"https:\/\/jumbo.fi\/en\/wp-json\/wp\/v2\/pages\/42822\/revisions"}],"predecessor-version":[{"id":42827,"href":"https:\/\/jumbo.fi\/en\/wp-json\/wp\/v2\/pages\/42822\/revisions\/42827"}],"wp:attachment":[{"href":"https:\/\/jumbo.fi\/en\/wp-json\/wp\/v2\/media?parent=42822"}],"curies":[{"name":"wp","href":"https:\/\/api.w.org\/{rel}","templated":true}]}}